{"id":292,"date":"2020-11-23T10:37:20","date_gmt":"2020-11-23T09:37:20","guid":{"rendered":"https:\/\/duport-aberle.ch\/notre-societe\/"},"modified":"2025-12-10T16:16:42","modified_gmt":"2025-12-10T15:16:42","slug":"our-company","status":"publish","type":"page","link":"https:\/\/duport-aberle.ch\/en\/our-company\/","title":{"rendered":"Our Company"},"content":{"rendered":"<div class=\"wpb-content-wrapper\"><p>[vc_row bg_type=&#8221;image&#8221; parallax_style=&#8221;vcpb-vz-jquery&#8221; bg_image_new=&#8221;id^28|url^https:\/\/duport-aberle.ch\/wp-content\/uploads\/2020\/11\/SOCIETE_DUPORT_ABERLE_SA.jpg|caption^null|alt^duport aberle geneve|title^SOCIETE DUPORT ABERLE|description^null&#8221; bg_image_repeat=&#8221;no-repeat&#8221; bg_override=&#8221;full&#8221; type=&#8221;vc_default&#8221; margin_top=&#8221;-50&#8243; css=&#8221;.vc_custom_1606125250793{padding-top: 20% !important;padding-bottom: 20% !important;}&#8221;][vc_column offset=&#8221;vc_col-lg-12 vc_col-md-12&#8243; css=&#8221;.vc_custom_1593413697623{padding-top: 25px !important;padding-right: 25px !important;padding-left: 25px !important;}&#8221;][vc_empty_space height=&#8221;200px&#8221;][\/vc_column][\/vc_row][vc_row][vc_column]<div id=\"ultimate-heading-744169de30ce8952e\" class=\"uvc-heading ult-adjust-bottom-margin ultimate-heading-744169de30ce8952e uvc-2328 accent-border-color\" data-hspacer=\"line_only\"  data-halign=\"center\" style=\"text-align:center\"><div class=\"uvc-main-heading ult-responsive\"  data-ultimate-target='.uvc-heading.ultimate-heading-744169de30ce8952e h1'  data-responsive-json-new='{\"font-size\":\"mobile_landscape:25px;mobile:25px;\",\"line-height\":\"mobile_landscape:35px;mobile:35px;\"}' ><h1 style=\"font-weight:bold;margin-bottom:10px;\">Our history<\/h1><\/div><div class=\"uvc-heading-spacer line_only\" style=\"topheight:1px;\"><span class=\"uvc-headings-line\" style=\"border-style:solid;border-bottom-width:1px;border-color:;width:200px;\"><\/span><\/div><\/div>[vc_row_inner content_placement=&#8221;middle&#8221; css=&#8221;.vc_custom_1603816301390{padding-top: 30px !important;}&#8221;][vc_column_inner width=&#8221;1\/2&#8243; css=&#8221;.vc_custom_1605438046715{padding-top: 5px !important;}&#8221;][vc_single_image image=&#8221;134&#8243; img_size=&#8221;full&#8221;][\/vc_column_inner][vc_column_inner width=&#8221;1\/2&#8243;][vc_column_text][\/vc_column_text][vc_column_text]<\/p>\n<ul>\n<li><span style=\"color: #0067b2;\">1888<\/span><br \/>\nFoundation of the company in Geneva by Mr. Dusselier from France.<\/li>\n<li><span style=\"color: #0067b2;\">1908<\/span><br \/>\nMr. Dusselier is joined by Mr. Jules Genet, who takes over the company four years later.<\/li>\n<li><span style=\"color: #0067b2;\">1920<\/span><br \/>\nMarius Duport joins the company.<\/li>\n<li><span style=\"color: #0067b2;\">1950<\/span><br \/>\nRaoul Duport (son of Marius) enters the company.<\/li>\n<li><span style=\"color: #0067b2;\">1955<\/span><br \/>\nDeath of Marius Duport.<\/li>\n<li><span style=\"color: #0067b2;\">1971<\/span><br \/>\nRuedi Aberl\u00e9 joins the company.<\/li>\n<li><span style=\"color: #0067b2;\">1974<\/span><br \/>\nCreation of a stock company, which is now called Duport &amp; Cie S.A.<\/li>\n<li><span style=\"color: #0067b2;\">1985<\/span><br \/>\nPatrick Aberl\u00e9 (Ruedi&#8217;s son) joins the company, which is now known as Duport-Aberl\u00e9 S.A.<\/li>\n<li><span style=\"color: #0067b2;\">1988<\/span><br \/>\nRaoul Duport goes into early retirement.<\/li>\n<li><span style=\"color: #0067b2;\">2000<\/span><br \/>\nPatrick Aberl\u00e9 takes over the company while Ruedi Aberl\u00e9 withdraws from the business.<\/li>\n<\/ul>\n<p>[\/vc_column_text][\/vc_column_inner][\/vc_row_inner][\/vc_column][\/vc_row][vc_row bg_type=&#8221;bg_color&#8221; bg_override=&#8221;ex-full&#8221; type=&#8221;vc_default&#8221; css=&#8221;.vc_custom_1603816501601{padding-top: 20px !important;padding-bottom: 20px !important;}&#8221; bg_color_value=&#8221;#0067b2&#8243;][vc_column][vc_column_text]<span style=\"font-size: 18px; line-height: 28px; color: #ffffff;\">Active at the beginning in the trade of food products, Duport-Aberl\u00e9 SA specializes over time in canned fish. Since 2011, the range of products has been extended again with the representation of <strong>Ederki<\/strong> Basque products.<\/span>[\/vc_column_text][\/vc_column][\/vc_row][vc_row][vc_column]<div id=\"ultimate-heading-24069de30ce895df\" class=\"uvc-heading ult-adjust-bottom-margin ultimate-heading-24069de30ce895df uvc-7598 accent-border-color\" data-hspacer=\"line_only\"  data-halign=\"left\" style=\"text-align:left\"><div class=\"uvc-main-heading ult-responsive\"  data-ultimate-target='.uvc-heading.ultimate-heading-24069de30ce895df h1'  data-responsive-json-new='{\"font-size\":\"mobile_landscape:25px;mobile:25px;\",\"line-height\":\"mobile_landscape:35px;mobile:35px;\"}' ><h1 style=\"font-weight:bold;margin-bottom:10px;\">Our products<\/h1><\/div><div class=\"uvc-heading-spacer line_only\" style=\"topheight:1px;\"><span class=\"uvc-headings-line\" style=\"border-style:solid;border-bottom-width:1px;border-color:;width:200px;\"><\/span><\/div><\/div>[\/vc_column][\/vc_row][vc_row type=&#8221;vc_default&#8221; css=&#8221;.vc_custom_1603797492893{padding-top: 30px !important;}&#8221;][vc_column]<style type=\"text\/css\" data-type=\"the7_shortcodes-inline-css\">.carousel-shortcode.carousel-shortcode-id-89d68c7c7bc0feaf80cd186ea4b5040d.owl-carousel .owl-nav div {\n  width: 36px;\n  height: 36px;\n  border-radius: 500px;\n}\n.dt-arrow-border-on.carousel-shortcode.carousel-shortcode-id-89d68c7c7bc0feaf80cd186ea4b5040d.owl-carousel .owl-nav div:not(:hover):before {\n  border-width: 0px;\n}\n.dt-arrow-hover-border-on.carousel-shortcode.carousel-shortcode-id-89d68c7c7bc0feaf80cd186ea4b5040d.owl-carousel .owl-nav div:hover:after {\n  border-width: 0px;\n}\n.carousel-shortcode.carousel-shortcode-id-89d68c7c7bc0feaf80cd186ea4b5040d.owl-carousel .owl-nav div.owl-prev {\n  top: 50%;\n  transform: translateY(calc(-50% + 0px));\n  left: -43px;\n}\n@media all and (-ms-high-contrast: none) {\n  .carousel-shortcode.carousel-shortcode-id-89d68c7c7bc0feaf80cd186ea4b5040d.owl-carousel .owl-nav div.owl-prev {\n    transform: translateY(-50%);\n    margin-top: 0px;\n  }\n}\n.carousel-shortcode.carousel-shortcode-id-89d68c7c7bc0feaf80cd186ea4b5040d.owl-carousel .owl-nav div.owl-prev i {\n  padding: 0px 0px 0px 0px;\n}\n.carousel-shortcode.carousel-shortcode-id-89d68c7c7bc0feaf80cd186ea4b5040d.owl-carousel .owl-nav div.owl-next {\n  top: 50%;\n  transform: translateY(calc(-50% + 0px));\n  right: -43px;\n}\n@media all and (-ms-high-contrast: none) {\n  .carousel-shortcode.carousel-shortcode-id-89d68c7c7bc0feaf80cd186ea4b5040d.owl-carousel .owl-nav div.owl-next {\n    transform: translateY(-50%);\n    margin-top: 0px;\n  }\n}\n.carousel-shortcode.carousel-shortcode-id-89d68c7c7bc0feaf80cd186ea4b5040d.owl-carousel .owl-nav div.owl-next i {\n  padding: 0px 0px 0px 0px;\n}\n.carousel-shortcode.carousel-shortcode-id-89d68c7c7bc0feaf80cd186ea4b5040d.owl-carousel .owl-nav i {\n  font-size: 18px;\n}\n.carousel-shortcode.carousel-shortcode-id-89d68c7c7bc0feaf80cd186ea4b5040d.owl-carousel .owl-nav div:not(:hover) i,\n.carousel-shortcode.carousel-shortcode-id-89d68c7c7bc0feaf80cd186ea4b5040d.owl-carousel .owl-nav div:not(:hover) i:before {\n  color: #ffffff;\n  background: none;\n}\n.carousel-shortcode.carousel-shortcode-id-89d68c7c7bc0feaf80cd186ea4b5040d.owl-carousel .owl-nav div:hover i,\n.carousel-shortcode.carousel-shortcode-id-89d68c7c7bc0feaf80cd186ea4b5040d.owl-carousel .owl-nav div:hover i:before {\n  color: rgba(255,255,255,0.75);\n  background: none;\n}\n.carousel-shortcode.carousel-shortcode-id-89d68c7c7bc0feaf80cd186ea4b5040d .owl-dots {\n  top: calc(100% + 20px);\n  left: 50%;\n  transform: translateX(calc(-50% + 0px));\n}\n@media all and (-ms-high-contrast: none) {\n  .carousel-shortcode.carousel-shortcode-id-89d68c7c7bc0feaf80cd186ea4b5040d .owl-dots {\n    transform: translateX(-50%);\n    margin-left: 0px;\n  }\n}\n.carousel-shortcode.carousel-shortcode-id-89d68c7c7bc0feaf80cd186ea4b5040d .owl-dot {\n  width: 10px;\n  height: 10px;\n  margin: 0 8px;\n}\n@media screen and (max-width: 778px) {\n  .carousel-shortcode.carousel-shortcode-id-89d68c7c7bc0feaf80cd186ea4b5040d.hide-arrows .owl-nav a {\n    display: none;\n  }\n}\n@media screen and (max-width: 778px) {\n  .carousel-shortcode.carousel-shortcode-id-89d68c7c7bc0feaf80cd186ea4b5040d.reposition-arrows .owl-nav div.owl-prev {\n    top: 50%;\n    transform: translateY(calc(-50% + 0px));\n    left: 10px;\n  }\n  .carousel-shortcode.carousel-shortcode-id-89d68c7c7bc0feaf80cd186ea4b5040d.reposition-arrows .owl-nav div.owl-next {\n    top: 50%;\n    transform: translateY(calc(-50% + 0px));\n    right: 10px;\n  }\n}\n@media screen and (max-width: 778px) and all and (-ms-high-contrast: none) {\n  .carousel-shortcode.carousel-shortcode-id-89d68c7c7bc0feaf80cd186ea4b5040d.reposition-arrows .owl-nav div.owl-prev {\n    transform: translateY(-50%);\n    margin-top: 0px;\n  }\n}\n@media screen and (max-width: 778px) and all and (-ms-high-contrast: none) {\n  .carousel-shortcode.carousel-shortcode-id-89d68c7c7bc0feaf80cd186ea4b5040d.reposition-arrows .owl-nav div.owl-next {\n    transform: translateY(-50%);\n    margin-top: 0px;\n  }\n}<\/style><div class=\"owl-carousel carousel-shortcode dt-owl-carousel-call carousel-shortcode-id-89d68c7c7bc0feaf80cd186ea4b5040d bullets-small-dot-stroke reposition-arrows arrows-bg-on dt-arrow-border-on dt-arrow-hover-border-on disable-arrows-hover-bg arrows-hover-bg-on  \" data-scroll-mode=\"1\" data-col-num=\"5\" data-wide-col-num=\"5\" data-laptop-col=\"5\" data-h-tablet-columns-num=\"3\" data-v-tablet-columns-num=\"2\" data-phone-columns-num=\"1\" data-auto-height=\"true\" data-col-gap=\"10\" data-stage-padding=\"0\" data-speed=\"800\" data-autoplay=\"false\" data-autoplay_speed=\"6000\" data-arrows=\"false\" data-bullet=\"false\" data-next-icon=\"icon-ar-017-r\" data-prev-icon=\"icon-ar-017-l\">[vc_single_image image=&#8221;126&#8243; img_size=&#8221;200&#215;128&#8243; alignment=&#8221;center&#8221; onclick=&#8221;custom_link&#8221; image_hovers=&#8221;false&#8221; lazy_loading=&#8221;true&#8221; link=&#8221;https:\/\/duport-aberle.ch\/en\/our-products\/hijos-de-carlos-albo\/&#8221;][vc_single_image image=&#8221;911&#8243; img_size=&#8221;200&#215;128&#8243; alignment=&#8221;center&#8221; onclick=&#8221;custom_link&#8221; css=&#8221;&#8221; image_hovers=&#8221;false&#8221; lazy_loading=&#8221;true&#8221; link=&#8221;https:\/\/duport-aberle.ch\/en\/our-products\/connetable\/&#8221;][vc_single_image image=&#8221;128&#8243; img_size=&#8221;200&#215;128&#8243; alignment=&#8221;center&#8221; onclick=&#8221;custom_link&#8221; image_hovers=&#8221;false&#8221; lazy_loading=&#8221;true&#8221; link=&#8221;https:\/\/duport-aberle.ch\/en\/our-products\/marie-elisabeth\/&#8221;][vc_single_image image=&#8221;130&#8243; img_size=&#8221;200&#215;128&#8243; alignment=&#8221;center&#8221; onclick=&#8221;custom_link&#8221; image_hovers=&#8221;false&#8221; lazy_loading=&#8221;true&#8221; link=&#8221;https:\/\/duport-aberle.ch\/en\/our-products\/petit-navire\/&#8221;][vc_single_image image=&#8221;869&#8243; img_size=&#8221;200&#215;128&#8243; alignment=&#8221;center&#8221; onclick=&#8221;custom_link&#8221; css=&#8221;&#8221; image_hovers=&#8221;false&#8221; lazy_loading=&#8221;true&#8221; link=&#8221;https:\/\/duport-aberle.ch\/en\/our-products\/ederki\/&#8221;]<\/div>[\/vc_column][\/vc_row][vc_row full_width=&#8221;stretch_row&#8221; equal_height=&#8221;yes&#8221; content_placement=&#8221;middle&#8221; type=&#8221;vc_default&#8221; css=&#8221;.vc_custom_1603872930587{margin-bottom: -15px !important;padding-bottom: 25px !important;background-color: #67b0e2 !important;}&#8221;][vc_column offset=&#8221;vc_col-lg-8 vc_col-md-8 vc_col-xs-12&#8243;][vc_row_inner][vc_column_inner offset=&#8221;vc_hidden-sm vc_hidden-xs&#8221;]<div id=\"ultimate-heading-862269de30ce89771\" class=\"uvc-heading ult-adjust-bottom-margin ultimate-heading-862269de30ce89771 uvc-8729 \" data-hspacer=\"no_spacer\"  data-halign=\"left\" style=\"text-align:left\"><div class=\"uvc-heading-spacer no_spacer\" style=\"top\"><\/div><div class=\"uvc-main-heading ult-responsive\"  data-ultimate-target='.uvc-heading.ultimate-heading-862269de30ce89771 h4'  data-responsive-json-new='{\"font-size\":\"desktop:28px;\",\"line-height\":\"\"}' ><h4 style=\"font-weight:600;color:#ffffff;margin-bottom:10px;\">Contact Duport-Aberl\u00e9 SA<\/h4><\/div><div class=\"uvc-sub-heading ult-responsive\"  data-ultimate-target='.uvc-heading.ultimate-heading-862269de30ce89771 .uvc-sub-heading '  data-responsive-json-new='{\"font-size\":\"\",\"line-height\":\"\"}'  style=\"font-weight:normal;color:#ffffff;\">For any information please do not hesitate to contact us. We will answer you as quickly as possible.<\/div><\/div>[\/vc_column_inner][\/vc_row_inner][vc_row_inner][vc_column_inner offset=&#8221;vc_hidden-lg vc_hidden-md&#8221;]<div id=\"ultimate-heading-44869de30ce897df\" class=\"uvc-heading ult-adjust-bottom-margin ultimate-heading-44869de30ce897df uvc-3924 \" data-hspacer=\"no_spacer\"  data-halign=\"center\" style=\"text-align:center\"><div class=\"uvc-heading-spacer no_spacer\" style=\"top\"><\/div><div class=\"uvc-main-heading ult-responsive\"  data-ultimate-target='.uvc-heading.ultimate-heading-44869de30ce897df h4'  data-responsive-json-new='{\"font-size\":\"tablet:18px;tablet_portrait:18px;mobile_landscape:18px;mobile:18px;\",\"line-height\":\"\"}' ><h4 style=\"font-family:&#039;Poppins&#039;;font-weight:600;color:#ffffff;margin-bottom:10px;\">Contact Duport-Aberl\u00e9 SA<\/h4><\/div><div class=\"uvc-sub-heading ult-responsive\"  data-ultimate-target='.uvc-heading.ultimate-heading-44869de30ce897df .uvc-sub-heading '  data-responsive-json-new='{\"font-size\":\"\",\"line-height\":\"\"}'  style=\"font-weight:normal;color:#ffffff;\">For any information please do not hesitate to contact us. We will answer you as quickly as possible.<\/div><\/div><div class=\" vc_custom_1606239083966 ubtn-ctn-center \"><a class=\"ubtn-link ult-adjust-bottom-margin ubtn-center ubtn-custom \" href=\"https:\/\/duport-aberle.ch\/en\/contact\/\" title=\"Contact\" ><button type=\"button\" id=\"ubtn-2697\"  class=\"ubtn ult-adjust-bottom-margin ult-responsive ubtn-custom ubtn-fade-bg  none  ubtn-center   tooltip-69de30ce89854\"  data-hover=\"#ffffff\" data-border-color=\"#ffffff\" data-bg=\"\" data-hover-bg=\"#0067b2\" data-border-hover=\"#ffffff\" data-shadow-hover=\"\" data-shadow-click=\"none\" data-shadow=\"\" data-shd-shadow=\"\"  data-ultimate-target='#ubtn-2697'  data-responsive-json-new='{\"font-size\":\"desktop:20px;tablet:14px;tablet_portrait:14px;mobile_landscape:14px;mobile:14px;\",\"line-height\":\"desktop:20px;\"}'  style=\"font-family:&#039;Poppins&#039;;font-weight:600;width:px;min-height:38px;padding:15px 25px;border-radius:0px;border-width:3px;border-color:#ffffff;border-style:solid;color: #ffffff;\"><span class=\"ubtn-hover\" style=\"background-color:#0067b2\"><\/span><span class=\"ubtn-data ubtn-text \" >CONTACT US<\/span><\/button><\/a><\/div>[\/vc_column_inner][\/vc_row_inner][\/vc_column][vc_column offset=&#8221;vc_col-lg-4 vc_col-md-4 vc_hidden-sm vc_col-xs-12 vc_hidden-xs&#8221;]<div class=\" vc_custom_1606239102341 ubtn-ctn-center \"><a class=\"ubtn-link ult-adjust-bottom-margin ubtn-center ubtn-custom \" href=\"https:\/\/duport-aberle.ch\/en\/contact\/\" title=\"Contact\" ><button type=\"button\" id=\"ubtn-7170\"  class=\"ubtn ult-adjust-bottom-margin ult-responsive ubtn-custom ubtn-fade-bg  none  ubtn-center   tooltip-69de30ce898dd\"  data-hover=\"#ffffff\" data-border-color=\"#ffffff\" data-bg=\"\" data-hover-bg=\"#0067b2\" data-border-hover=\"#ffffff\" data-shadow-hover=\"\" data-shadow-click=\"none\" data-shadow=\"\" data-shd-shadow=\"\"  data-ultimate-target='#ubtn-7170'  data-responsive-json-new='{\"font-size\":\"desktop:20px;\",\"line-height\":\"desktop:20px;\"}'  style=\"font-family:&#039;Poppins&#039;;font-weight:600;width:px;min-height:38px;padding:15px 25px;border-radius:0px;border-width:4px;border-color:#ffffff;border-style:solid;color: #ffffff;\"><span class=\"ubtn-hover\" style=\"background-color:#0067b2\"><\/span><span class=\"ubtn-data ubtn-text \" >CONTACT US<\/span><\/button><\/a><\/div>[\/vc_column][\/vc_row]<\/p>\n<\/div>","protected":false},"excerpt":{"rendered":"<p>[vc_row bg_type=&#8221;image&#8221; parallax_style=&#8221;vcpb-vz-jquery&#8221; bg_image_new=&#8221;id^28|url^https:\/\/duport-aberle.ch\/wp-content\/uploads\/2020\/11\/SOCIETE_DUPORT_ABERLE_SA.jpg|caption^null|alt^duport aberle geneve|title^SOCIETE DUPORT ABERLE|description^null&#8221; bg_image_repeat=&#8221;no-repeat&#8221; bg_override=&#8221;full&#8221; type=&#8221;vc_default&#8221; margin_top=&#8221;-50&#8243; css=&#8221;.vc_custom_1606125250793{padding-top: 20% !important;padding-bottom: 20% !important;}&#8221;][vc_column offset=&#8221;vc_col-lg-12 vc_col-md-12&#8243; css=&#8221;.vc_custom_1593413697623{padding-top: 25px !important;padding-right: 25px !important;padding-left: 25px !important;}&#8221;][vc_empty_space height=&#8221;200px&#8221;][\/vc_column][\/vc_row][vc_row][vc_column][vc_row_inner content_placement=&#8221;middle&#8221; css=&#8221;.vc_custom_1603816301390{padding-top: 30px !important;}&#8221;][vc_column_inner width=&#8221;1\/2&#8243; css=&#8221;.vc_custom_1605438046715{padding-top: 5px !important;}&#8221;][vc_single_image image=&#8221;134&#8243; img_size=&#8221;full&#8221;][\/vc_column_inner][vc_column_inner width=&#8221;1\/2&#8243;][vc_column_text][\/vc_column_text][vc_column_text] 1888 Foundation of the company in Geneva by Mr. Dusselier from France. 1908 Mr. Dusselier is joined&hellip;<\/p>\n","protected":false},"author":1,"featured_media":134,"parent":0,"menu_order":0,"comment_status":"closed","ping_status":"closed","template":"","meta":{"footnotes":""},"class_list":["post-292","page","type-page","status-publish","has-post-thumbnail","hentry","description-off"],"yoast_head":"<!-- This site is optimized with the Yoast SEO plugin v27.3 - https:\/\/yoast.com\/product\/yoast-seo-wordpress\/ -->\n<title>Our Company - DUPORT-ABERL\u00c9 SA<\/title>\n<meta name=\"description\" content=\"Active at the beginning in the trade of all foodstuffs, Duport-Aberl\u00e9 SA specializes over time in the canning of fish.\" \/>\n<meta name=\"robots\" content=\"index, follow, max-snippet:-1, max-image-preview:large, max-video-preview:-1\" \/>\n<link rel=\"canonical\" href=\"https:\/\/duport-aberle.ch\/en\/our-company\/\" \/>\n<meta property=\"og:locale\" content=\"en_US\" \/>\n<meta property=\"og:type\" content=\"article\" \/>\n<meta property=\"og:title\" content=\"Our Company - DUPORT-ABERL\u00c9 SA\" \/>\n<meta property=\"og:description\" content=\"Active at the beginning in the trade of all foodstuffs, Duport-Aberl\u00e9 SA specializes over time in the canning of fish.\" \/>\n<meta property=\"og:url\" content=\"https:\/\/duport-aberle.ch\/en\/our-company\/\" \/>\n<meta property=\"og:site_name\" content=\"DUPORT-ABERL\u00c9 SA\" \/>\n<meta property=\"article:modified_time\" content=\"2025-12-10T15:16:42+00:00\" \/>\n<meta property=\"og:image\" content=\"https:\/\/duport-aberle.ch\/wp-content\/uploads\/2020\/11\/HISTOIRE_DUPORT_ABERLE_SA.jpg\" \/>\n\t<meta property=\"og:image:width\" content=\"1140\" \/>\n\t<meta property=\"og:image:height\" content=\"1030\" \/>\n\t<meta property=\"og:image:type\" content=\"image\/jpeg\" \/>\n<meta name=\"twitter:card\" content=\"summary_large_image\" \/>\n<meta name=\"twitter:label1\" content=\"Est. reading time\" \/>\n\t<meta name=\"twitter:data1\" content=\"3 minutes\" \/>\n<script type=\"application\/ld+json\" class=\"yoast-schema-graph\">{\"@context\":\"https:\\\/\\\/schema.org\",\"@graph\":[{\"@type\":\"WebPage\",\"@id\":\"https:\\\/\\\/duport-aberle.ch\\\/en\\\/our-company\\\/\",\"url\":\"https:\\\/\\\/duport-aberle.ch\\\/en\\\/our-company\\\/\",\"name\":\"Our Company - DUPORT-ABERL\u00c9 SA\",\"isPartOf\":{\"@id\":\"https:\\\/\\\/duport-aberle.ch\\\/en\\\/#website\"},\"primaryImageOfPage\":{\"@id\":\"https:\\\/\\\/duport-aberle.ch\\\/en\\\/our-company\\\/#primaryimage\"},\"image\":{\"@id\":\"https:\\\/\\\/duport-aberle.ch\\\/en\\\/our-company\\\/#primaryimage\"},\"thumbnailUrl\":\"https:\\\/\\\/duport-aberle.ch\\\/wp-content\\\/uploads\\\/2020\\\/11\\\/HISTOIRE_DUPORT_ABERLE_SA.jpg\",\"datePublished\":\"2020-11-23T09:37:20+00:00\",\"dateModified\":\"2025-12-10T15:16:42+00:00\",\"description\":\"Active at the beginning in the trade of all foodstuffs, Duport-Aberl\u00e9 SA specializes over time in the canning of fish.\",\"inLanguage\":\"en-US\",\"potentialAction\":[{\"@type\":\"ReadAction\",\"target\":[\"https:\\\/\\\/duport-aberle.ch\\\/en\\\/our-company\\\/\"]}]},{\"@type\":\"ImageObject\",\"inLanguage\":\"en-US\",\"@id\":\"https:\\\/\\\/duport-aberle.ch\\\/en\\\/our-company\\\/#primaryimage\",\"url\":\"https:\\\/\\\/duport-aberle.ch\\\/wp-content\\\/uploads\\\/2020\\\/11\\\/HISTOIRE_DUPORT_ABERLE_SA.jpg\",\"contentUrl\":\"https:\\\/\\\/duport-aberle.ch\\\/wp-content\\\/uploads\\\/2020\\\/11\\\/HISTOIRE_DUPORT_ABERLE_SA.jpg\",\"width\":1140,\"height\":1030,\"caption\":\"history of duport aberle\"},{\"@type\":\"WebSite\",\"@id\":\"https:\\\/\\\/duport-aberle.ch\\\/en\\\/#website\",\"url\":\"https:\\\/\\\/duport-aberle.ch\\\/en\\\/\",\"name\":\"DUPORT-ABERL\u00c9 SA\",\"description\":\"La qualit\u00e9 traditionnelle bien conserv\u00e9e depuis 1888\",\"publisher\":{\"@id\":\"https:\\\/\\\/duport-aberle.ch\\\/en\\\/#organization\"},\"potentialAction\":[{\"@type\":\"SearchAction\",\"target\":{\"@type\":\"EntryPoint\",\"urlTemplate\":\"https:\\\/\\\/duport-aberle.ch\\\/en\\\/?s={search_term_string}\"},\"query-input\":{\"@type\":\"PropertyValueSpecification\",\"valueRequired\":true,\"valueName\":\"search_term_string\"}}],\"inLanguage\":\"en-US\"},{\"@type\":\"Organization\",\"@id\":\"https:\\\/\\\/duport-aberle.ch\\\/en\\\/#organization\",\"name\":\"Duport Aberl\u00e9 SA\",\"url\":\"https:\\\/\\\/duport-aberle.ch\\\/en\\\/\",\"logo\":{\"@type\":\"ImageObject\",\"inLanguage\":\"en-US\",\"@id\":\"https:\\\/\\\/duport-aberle.ch\\\/en\\\/#\\\/schema\\\/logo\\\/image\\\/\",\"url\":\"https:\\\/\\\/duport-aberle.ch\\\/wp-content\\\/uploads\\\/2020\\\/11\\\/Logo-Duport-Aberle_R.png\",\"contentUrl\":\"https:\\\/\\\/duport-aberle.ch\\\/wp-content\\\/uploads\\\/2020\\\/11\\\/Logo-Duport-Aberle_R.png\",\"width\":380,\"height\":149,\"caption\":\"Duport Aberl\u00e9 SA\"},\"image\":{\"@id\":\"https:\\\/\\\/duport-aberle.ch\\\/en\\\/#\\\/schema\\\/logo\\\/image\\\/\"}}]}<\/script>\n<!-- \/ Yoast SEO plugin. -->","yoast_head_json":{"title":"Our Company - DUPORT-ABERL\u00c9 SA","description":"Active at the beginning in the trade of all foodstuffs, Duport-Aberl\u00e9 SA specializes over time in the canning of fish.","robots":{"index":"index","follow":"follow","max-snippet":"max-snippet:-1","max-image-preview":"max-image-preview:large","max-video-preview":"max-video-preview:-1"},"canonical":"https:\/\/duport-aberle.ch\/en\/our-company\/","og_locale":"en_US","og_type":"article","og_title":"Our Company - DUPORT-ABERL\u00c9 SA","og_description":"Active at the beginning in the trade of all foodstuffs, Duport-Aberl\u00e9 SA specializes over time in the canning of fish.","og_url":"https:\/\/duport-aberle.ch\/en\/our-company\/","og_site_name":"DUPORT-ABERL\u00c9 SA","article_modified_time":"2025-12-10T15:16:42+00:00","og_image":[{"width":1140,"height":1030,"url":"https:\/\/duport-aberle.ch\/wp-content\/uploads\/2020\/11\/HISTOIRE_DUPORT_ABERLE_SA.jpg","type":"image\/jpeg"}],"twitter_card":"summary_large_image","twitter_misc":{"Est. reading time":"3 minutes"},"schema":{"@context":"https:\/\/schema.org","@graph":[{"@type":"WebPage","@id":"https:\/\/duport-aberle.ch\/en\/our-company\/","url":"https:\/\/duport-aberle.ch\/en\/our-company\/","name":"Our Company - DUPORT-ABERL\u00c9 SA","isPartOf":{"@id":"https:\/\/duport-aberle.ch\/en\/#website"},"primaryImageOfPage":{"@id":"https:\/\/duport-aberle.ch\/en\/our-company\/#primaryimage"},"image":{"@id":"https:\/\/duport-aberle.ch\/en\/our-company\/#primaryimage"},"thumbnailUrl":"https:\/\/duport-aberle.ch\/wp-content\/uploads\/2020\/11\/HISTOIRE_DUPORT_ABERLE_SA.jpg","datePublished":"2020-11-23T09:37:20+00:00","dateModified":"2025-12-10T15:16:42+00:00","description":"Active at the beginning in the trade of all foodstuffs, Duport-Aberl\u00e9 SA specializes over time in the canning of fish.","inLanguage":"en-US","potentialAction":[{"@type":"ReadAction","target":["https:\/\/duport-aberle.ch\/en\/our-company\/"]}]},{"@type":"ImageObject","inLanguage":"en-US","@id":"https:\/\/duport-aberle.ch\/en\/our-company\/#primaryimage","url":"https:\/\/duport-aberle.ch\/wp-content\/uploads\/2020\/11\/HISTOIRE_DUPORT_ABERLE_SA.jpg","contentUrl":"https:\/\/duport-aberle.ch\/wp-content\/uploads\/2020\/11\/HISTOIRE_DUPORT_ABERLE_SA.jpg","width":1140,"height":1030,"caption":"history of duport aberle"},{"@type":"WebSite","@id":"https:\/\/duport-aberle.ch\/en\/#website","url":"https:\/\/duport-aberle.ch\/en\/","name":"DUPORT-ABERL\u00c9 SA","description":"La qualit\u00e9 traditionnelle bien conserv\u00e9e depuis 1888","publisher":{"@id":"https:\/\/duport-aberle.ch\/en\/#organization"},"potentialAction":[{"@type":"SearchAction","target":{"@type":"EntryPoint","urlTemplate":"https:\/\/duport-aberle.ch\/en\/?s={search_term_string}"},"query-input":{"@type":"PropertyValueSpecification","valueRequired":true,"valueName":"search_term_string"}}],"inLanguage":"en-US"},{"@type":"Organization","@id":"https:\/\/duport-aberle.ch\/en\/#organization","name":"Duport Aberl\u00e9 SA","url":"https:\/\/duport-aberle.ch\/en\/","logo":{"@type":"ImageObject","inLanguage":"en-US","@id":"https:\/\/duport-aberle.ch\/en\/#\/schema\/logo\/image\/","url":"https:\/\/duport-aberle.ch\/wp-content\/uploads\/2020\/11\/Logo-Duport-Aberle_R.png","contentUrl":"https:\/\/duport-aberle.ch\/wp-content\/uploads\/2020\/11\/Logo-Duport-Aberle_R.png","width":380,"height":149,"caption":"Duport Aberl\u00e9 SA"},"image":{"@id":"https:\/\/duport-aberle.ch\/en\/#\/schema\/logo\/image\/"}}]}},"_links":{"self":[{"href":"https:\/\/duport-aberle.ch\/en\/wp-json\/wp\/v2\/pages\/292","targetHints":{"allow":["GET"]}}],"collection":[{"href":"https:\/\/duport-aberle.ch\/en\/wp-json\/wp\/v2\/pages"}],"about":[{"href":"https:\/\/duport-aberle.ch\/en\/wp-json\/wp\/v2\/types\/page"}],"author":[{"embeddable":true,"href":"https:\/\/duport-aberle.ch\/en\/wp-json\/wp\/v2\/users\/1"}],"replies":[{"embeddable":true,"href":"https:\/\/duport-aberle.ch\/en\/wp-json\/wp\/v2\/comments?post=292"}],"version-history":[{"count":1,"href":"https:\/\/duport-aberle.ch\/en\/wp-json\/wp\/v2\/pages\/292\/revisions"}],"predecessor-version":[{"id":949,"href":"https:\/\/duport-aberle.ch\/en\/wp-json\/wp\/v2\/pages\/292\/revisions\/949"}],"wp:featuredmedia":[{"embeddable":true,"href":"https:\/\/duport-aberle.ch\/en\/wp-json\/wp\/v2\/media\/134"}],"wp:attachment":[{"href":"https:\/\/duport-aberle.ch\/en\/wp-json\/wp\/v2\/media?parent=292"}],"curies":[{"name":"wp","href":"https:\/\/api.w.org\/{rel}","templated":true}]}}