{"id":225,"date":"2020-11-23T11:52:23","date_gmt":"2020-11-23T10:52:23","guid":{"rendered":"https:\/\/duport-aberle.ch\/contact\/"},"modified":"2025-12-10T16:26:13","modified_gmt":"2025-12-10T15:26:13","slug":"kontakt","status":"publish","type":"page","link":"https:\/\/duport-aberle.ch\/de\/kontakt\/","title":{"rendered":"Kontakt"},"content":{"rendered":"<div class=\"wpb-content-wrapper\"><p>[vc_row bg_type=&#8220;image&#8220; parallax_style=&#8220;vcpb-vz-jquery&#8220; bg_image_new=&#8220;id^55|url^https:\/\/duport-aberle.ch\/wp-content\/uploads\/2020\/11\/CONTACT_DUPORT_ABERLE.jpg|caption^null|alt^contactez duport aberle|title^CONTACTEZ DUPORT ABERLE|description^null&#8220; bg_image_repeat=&#8220;no-repeat&#8220; bg_override=&#8220;full&#8220; type=&#8220;vc_default&#8220; margin_top=&#8220;-50&#8243; css=&#8220;.vc_custom_1606128783082{padding-top: 20% !important;padding-bottom: 20% !important;}&#8220;][vc_column offset=&#8220;vc_col-lg-12 vc_col-md-12&#8243; css=&#8220;.vc_custom_1593413697623{padding-top: 25px !important;padding-right: 25px !important;padding-left: 25px !important;}&#8220;][vc_empty_space height=&#8220;200px&#8220;][\/vc_column][\/vc_row][vc_row][vc_column]<div id=\"ultimate-heading-425069d55c2feac0c\" class=\"uvc-heading ult-adjust-bottom-margin ultimate-heading-425069d55c2feac0c uvc-7516 accent-border-color\" data-hspacer=\"line_only\"  data-halign=\"center\" style=\"text-align:center\"><div class=\"uvc-main-heading ult-responsive\"  data-ultimate-target='.uvc-heading.ultimate-heading-425069d55c2feac0c h1'  data-responsive-json-new='{\"font-size\":\"mobile_landscape:25px;mobile:25px;\",\"line-height\":\"mobile_landscape:35px;mobile:35px;\"}' ><h1 style=\"--font-weight:theme;margin-bottom:10px;\">Kontaktieren Sie DUPORT-ABERL\u00c9 SA<\/h1><\/div><div class=\"uvc-heading-spacer line_only\" style=\"topheight:1px;\"><span class=\"uvc-headings-line\" style=\"border-style:solid;border-bottom-width:1px;border-color:;width:200px;\"><\/span><\/div><\/div>[vc_row_inner content_placement=&#8220;middle&#8220; css=&#8220;.vc_custom_1605285843224{border-top-width: 50px !important;}&#8220;][vc_column_inner width=&#8220;1\/2&#8243;][vc_column_text]<\/p>\n<p style=\"text-align: left;\"><strong>Sie sind HERSTELLER<\/strong> und suchen einen Partner, der Ihnen hilft, den Schweizer Markt zu erobern? Kontaktieren Sie uns und teilen Sie uns Ihre Ideen mit.<\/p>\n<p><strong>Sie sind KUNDE<\/strong> und auf der Suche nach neuen, massgeschneiderten Qualit\u00e4tsprodukten? Bitte kontaktieren Sie uns.[\/vc_column_text]<div class=\"aio-icon-component    style_1\"><div id=\"Info-box-wrap-9652\" class=\"aio-icon-box default-icon\" style=\"\"  ><div class=\"aio-icon-default\"><div class=\"ult-just-icon-wrapper  \"><div class=\"align-icon\" style=\"text-align:center;\">\n<div class=\"aio-icon none \"  style=\"color:#0067b2;font-size:22px;display:inline-block;\">\n\t<i class=\"icomoon-the7-font-the7-map-02\"><\/i>\n<\/div><\/div><\/div><\/div><div class=\"aio-icon-header\" ><p class=\"aio-icon-title ult-responsive\"  data-ultimate-target='#Info-box-wrap-9652 .aio-icon-title'  data-responsive-json-new='{\"font-size\":\"desktop:16px;\",\"line-height\":\"\"}'  style=\"color:#0067b2;\">Route de la Galaise 11b, 1228 Plan-les-Ouates, Suisse<\/p><\/div> <!-- header --><\/div> <!-- aio-icon-box --><\/div> <!-- aio-icon-component --><div class=\"aio-icon-component    style_1\"><a class=\"aio-icon-box-link\" href=\"tel:+41224044345\" ><div id=\"Info-box-wrap-1398\" class=\"aio-icon-box default-icon\" style=\"\"  ><div class=\"aio-icon-default\"><div class=\"ult-just-icon-wrapper  \"><div class=\"align-icon\" style=\"text-align:center;\">\n<div class=\"aio-icon none \"  style=\"color:#0067b2;font-size:22px;display:inline-block;\">\n\t<i class=\"icomoon-the7-font-the7-phone-05\"><\/i>\n<\/div><\/div><\/div><\/div><div class=\"aio-icon-header\" ><p class=\"aio-icon-title ult-responsive\"  data-ultimate-target='#Info-box-wrap-1398 .aio-icon-title'  data-responsive-json-new='{\"font-size\":\"desktop:16px;\",\"line-height\":\"\"}'  style=\"\">+41 22 404 43 45<\/p><\/div> <!-- header --><\/div> <!-- aio-icon-box --><\/a><\/div> <!-- aio-icon-component --><div class=\"aio-icon-component    style_1\"><a class=\"aio-icon-box-link\" href=\"mailto:info@duport-aberle.ch\" ><div id=\"Info-box-wrap-5755\" class=\"aio-icon-box default-icon\" style=\"\"  ><div class=\"aio-icon-default\"><div class=\"ult-just-icon-wrapper  \"><div class=\"align-icon\" style=\"text-align:center;\">\n<div class=\"aio-icon none \"  style=\"color:#0067b2;font-size:22px;display:inline-block;\">\n\t<i class=\"icomoon-the7-font-the7-mail-05\"><\/i>\n<\/div><\/div><\/div><\/div><div class=\"aio-icon-header\" ><p class=\"aio-icon-title ult-responsive\"  data-ultimate-target='#Info-box-wrap-5755 .aio-icon-title'  data-responsive-json-new='{\"font-size\":\"desktop:16px;\",\"line-height\":\"\"}'  style=\"\">info@duport-aberle.ch<\/p><\/div> <!-- header --><\/div> <!-- aio-icon-box --><\/a><\/div> <!-- aio-icon-component -->[\/vc_column_inner][vc_column_inner width=&#8220;1\/2&#8243;]\n<div class=\"wpcf7 no-js\" id=\"wpcf7-f259-o1\" lang=\"de-DE\" dir=\"ltr\" data-wpcf7-id=\"259\">\n<div class=\"screen-reader-response\"><p role=\"status\" aria-live=\"polite\" aria-atomic=\"true\"><\/p> <ul><\/ul><\/div>\n<form action=\"\/de\/wp-json\/wp\/v2\/pages\/225#wpcf7-f259-o1\" method=\"post\" class=\"wpcf7-form init\" aria-label=\"Kontaktformular\" novalidate=\"novalidate\" data-status=\"init\">\n<fieldset class=\"hidden-fields-container\"><input type=\"hidden\" name=\"_wpcf7\" value=\"259\" \/><input type=\"hidden\" name=\"_wpcf7_version\" value=\"6.1.5\" \/><input type=\"hidden\" name=\"_wpcf7_locale\" value=\"de_DE\" \/><input type=\"hidden\" name=\"_wpcf7_unit_tag\" value=\"wpcf7-f259-o1\" \/><input type=\"hidden\" name=\"_wpcf7_container_post\" value=\"0\" \/><input type=\"hidden\" name=\"_wpcf7_posted_data_hash\" value=\"\" \/><input type=\"hidden\" name=\"_wpcf7_recaptcha_response\" value=\"\" \/>\n<\/fieldset>\n<div class=\"contact-rolf-hugli\">\n\t<div>\n\t\t<p><span class=\"wpcf7-form-control-wrap\" data-name=\"your-name\"><input size=\"40\" maxlength=\"400\" class=\"wpcf7-form-control wpcf7-text wpcf7-validates-as-required\" aria-required=\"true\" aria-invalid=\"false\" placeholder=\"Vorname Nachname*\" value=\"\" type=\"text\" name=\"your-name\" \/><\/span>\n\t\t<\/p>\n\t<\/div>\n\t<div>\n\t\t<p><span class=\"wpcf7-form-control-wrap\" data-name=\"your-company\"><input size=\"40\" maxlength=\"400\" class=\"wpcf7-form-control wpcf7-text wpcf7-validates-as-required\" aria-required=\"true\" aria-invalid=\"false\" placeholder=\"Name der Firma*\" value=\"\" type=\"text\" name=\"your-company\" \/><\/span>\n\t\t<\/p>\n\t<\/div>\n\t<div>\n\t\t<p><span class=\"wpcf7-form-control-wrap\" data-name=\"your-email\"><input size=\"40\" maxlength=\"400\" class=\"wpcf7-form-control wpcf7-email wpcf7-validates-as-required wpcf7-text wpcf7-validates-as-email\" aria-required=\"true\" aria-invalid=\"false\" placeholder=\"Email*\" value=\"\" type=\"email\" name=\"your-email\" \/><\/span>\n\t\t<\/p>\n\t<\/div>\n\t<div>\n\t\t<p><span class=\"wpcf7-form-control-wrap\" data-name=\"your-phone\"><input size=\"40\" maxlength=\"400\" class=\"wpcf7-form-control wpcf7-tel wpcf7-validates-as-required wpcf7-text wpcf7-validates-as-tel\" aria-required=\"true\" aria-invalid=\"false\" placeholder=\"Tel*\" value=\"\" type=\"tel\" name=\"your-phone\" \/><\/span>\n\t\t<\/p>\n\t<\/div>\n\t<div>\n\t\t<p><span class=\"wpcf7-form-control-wrap\" data-name=\"your-message\"><textarea cols=\"40\" rows=\"10\" maxlength=\"2000\" class=\"wpcf7-form-control wpcf7-textarea wpcf7-validates-as-required\" aria-required=\"true\" aria-invalid=\"false\" placeholder=\"Nachricht*\" name=\"your-message\"><\/textarea><\/span>\n\t\t<\/p>\n\t<\/div>\n\t<div class=\"text-right padding-top-15\">\n\t\t<p><input class=\"wpcf7-form-control wpcf7-submit has-spinner\" type=\"submit\" value=\"SENDEN\" \/>\n\t\t<\/p>\n\t<\/div>\n<\/div><p style=\"display: none !important;\" class=\"akismet-fields-container\" data-prefix=\"_wpcf7_ak_\"><label>&#916;<textarea name=\"_wpcf7_ak_hp_textarea\" cols=\"45\" rows=\"8\" maxlength=\"100\"><\/textarea><\/label><input type=\"hidden\" id=\"ak_js_1\" name=\"_wpcf7_ak_js\" value=\"227\"\/><script>document.getElementById( \"ak_js_1\" ).setAttribute( \"value\", ( new Date() ).getTime() );<\/script><\/p><div class=\"wpcf7-response-output\" aria-hidden=\"true\"><\/div>\n<\/form>\n<\/div>\n[\/vc_column_inner][\/vc_row_inner][\/vc_column][\/vc_row][vc_row css=&#8220;.vc_custom_1604432576611{border-top-width: 20px !important;}&#8220;][vc_column]<div id=\"ultimate-heading-108269d55c2fece05\" class=\"uvc-heading ult-adjust-bottom-margin ultimate-heading-108269d55c2fece05 uvc-3789 accent-border-color\" data-hspacer=\"line_only\"  data-halign=\"left\" style=\"text-align:left\"><div class=\"uvc-main-heading ult-responsive\"  data-ultimate-target='.uvc-heading.ultimate-heading-108269d55c2fece05 h1'  data-responsive-json-new='{\"font-size\":\"mobile_landscape:25px;mobile:25px;\",\"line-height\":\"mobile_landscape:35px;mobile:35px;\"}' ><h1 style=\"font-weight:bold;margin-bottom:10px;\">Unsere Produkte<\/h1><\/div><div class=\"uvc-heading-spacer line_only\" style=\"topheight:1px;\"><span class=\"uvc-headings-line\" style=\"border-style:solid;border-bottom-width:1px;border-color:;width:200px;\"><\/span><\/div><\/div>[\/vc_column][\/vc_row][vc_row type=&#8220;vc_default&#8220; css=&#8220;.vc_custom_1603797492893{padding-top: 30px !important;}&#8220;][vc_column]<style type=\"text\/css\" data-type=\"the7_shortcodes-inline-css\">.carousel-shortcode.carousel-shortcode-id-89d68c7c7bc0feaf80cd186ea4b5040d.owl-carousel .owl-nav div {\n  width: 36px;\n  height: 36px;\n  border-radius: 500px;\n}\n.dt-arrow-border-on.carousel-shortcode.carousel-shortcode-id-89d68c7c7bc0feaf80cd186ea4b5040d.owl-carousel .owl-nav div:not(:hover):before {\n  border-width: 0px;\n}\n.dt-arrow-hover-border-on.carousel-shortcode.carousel-shortcode-id-89d68c7c7bc0feaf80cd186ea4b5040d.owl-carousel .owl-nav div:hover:after {\n  border-width: 0px;\n}\n.carousel-shortcode.carousel-shortcode-id-89d68c7c7bc0feaf80cd186ea4b5040d.owl-carousel .owl-nav div.owl-prev {\n  top: 50%;\n  transform: translateY(calc(-50% + 0px));\n  left: -43px;\n}\n@media all and (-ms-high-contrast: none) {\n  .carousel-shortcode.carousel-shortcode-id-89d68c7c7bc0feaf80cd186ea4b5040d.owl-carousel .owl-nav div.owl-prev {\n    transform: translateY(-50%);\n    margin-top: 0px;\n  }\n}\n.carousel-shortcode.carousel-shortcode-id-89d68c7c7bc0feaf80cd186ea4b5040d.owl-carousel .owl-nav div.owl-prev i {\n  padding: 0px 0px 0px 0px;\n}\n.carousel-shortcode.carousel-shortcode-id-89d68c7c7bc0feaf80cd186ea4b5040d.owl-carousel .owl-nav div.owl-next {\n  top: 50%;\n  transform: translateY(calc(-50% + 0px));\n  right: -43px;\n}\n@media all and (-ms-high-contrast: none) {\n  .carousel-shortcode.carousel-shortcode-id-89d68c7c7bc0feaf80cd186ea4b5040d.owl-carousel .owl-nav div.owl-next {\n    transform: translateY(-50%);\n    margin-top: 0px;\n  }\n}\n.carousel-shortcode.carousel-shortcode-id-89d68c7c7bc0feaf80cd186ea4b5040d.owl-carousel .owl-nav div.owl-next i {\n  padding: 0px 0px 0px 0px;\n}\n.carousel-shortcode.carousel-shortcode-id-89d68c7c7bc0feaf80cd186ea4b5040d.owl-carousel .owl-nav i {\n  font-size: 18px;\n}\n.carousel-shortcode.carousel-shortcode-id-89d68c7c7bc0feaf80cd186ea4b5040d.owl-carousel .owl-nav div:not(:hover) i,\n.carousel-shortcode.carousel-shortcode-id-89d68c7c7bc0feaf80cd186ea4b5040d.owl-carousel .owl-nav div:not(:hover) i:before {\n  color: #ffffff;\n  background: none;\n}\n.carousel-shortcode.carousel-shortcode-id-89d68c7c7bc0feaf80cd186ea4b5040d.owl-carousel .owl-nav div:hover i,\n.carousel-shortcode.carousel-shortcode-id-89d68c7c7bc0feaf80cd186ea4b5040d.owl-carousel .owl-nav div:hover i:before {\n  color: rgba(255,255,255,0.75);\n  background: none;\n}\n.carousel-shortcode.carousel-shortcode-id-89d68c7c7bc0feaf80cd186ea4b5040d .owl-dots {\n  top: calc(100% + 20px);\n  left: 50%;\n  transform: translateX(calc(-50% + 0px));\n}\n@media all and (-ms-high-contrast: none) {\n  .carousel-shortcode.carousel-shortcode-id-89d68c7c7bc0feaf80cd186ea4b5040d .owl-dots {\n    transform: translateX(-50%);\n    margin-left: 0px;\n  }\n}\n.carousel-shortcode.carousel-shortcode-id-89d68c7c7bc0feaf80cd186ea4b5040d .owl-dot {\n  width: 10px;\n  height: 10px;\n  margin: 0 8px;\n}\n@media screen and (max-width: 778px) {\n  .carousel-shortcode.carousel-shortcode-id-89d68c7c7bc0feaf80cd186ea4b5040d.hide-arrows .owl-nav a {\n    display: none;\n  }\n}\n@media screen and (max-width: 778px) {\n  .carousel-shortcode.carousel-shortcode-id-89d68c7c7bc0feaf80cd186ea4b5040d.reposition-arrows .owl-nav div.owl-prev {\n    top: 50%;\n    transform: translateY(calc(-50% + 0px));\n    left: 10px;\n  }\n  .carousel-shortcode.carousel-shortcode-id-89d68c7c7bc0feaf80cd186ea4b5040d.reposition-arrows .owl-nav div.owl-next {\n    top: 50%;\n    transform: translateY(calc(-50% + 0px));\n    right: 10px;\n  }\n}\n@media screen and (max-width: 778px) and all and (-ms-high-contrast: none) {\n  .carousel-shortcode.carousel-shortcode-id-89d68c7c7bc0feaf80cd186ea4b5040d.reposition-arrows .owl-nav div.owl-prev {\n    transform: translateY(-50%);\n    margin-top: 0px;\n  }\n}\n@media screen and (max-width: 778px) and all and (-ms-high-contrast: none) {\n  .carousel-shortcode.carousel-shortcode-id-89d68c7c7bc0feaf80cd186ea4b5040d.reposition-arrows .owl-nav div.owl-next {\n    transform: translateY(-50%);\n    margin-top: 0px;\n  }\n}<\/style><div class=\"owl-carousel carousel-shortcode dt-owl-carousel-call carousel-shortcode-id-89d68c7c7bc0feaf80cd186ea4b5040d bullets-small-dot-stroke reposition-arrows arrows-bg-on dt-arrow-border-on dt-arrow-hover-border-on disable-arrows-hover-bg arrows-hover-bg-on  \" data-scroll-mode=\"1\" data-col-num=\"5\" data-wide-col-num=\"5\" data-laptop-col=\"5\" data-h-tablet-columns-num=\"3\" data-v-tablet-columns-num=\"2\" data-phone-columns-num=\"1\" data-auto-height=\"true\" data-col-gap=\"10\" data-stage-padding=\"0\" data-speed=\"800\" data-autoplay=\"false\" data-autoplay_speed=\"6000\" data-arrows=\"false\" data-bullet=\"false\" data-next-icon=\"icon-ar-017-r\" data-prev-icon=\"icon-ar-017-l\">[vc_single_image image=&#8220;127&#8243; img_size=&#8220;200&#215;128&#8243; alignment=&#8220;center&#8220; onclick=&#8220;custom_link&#8220; image_hovers=&#8220;false&#8220; lazy_loading=&#8220;true&#8220; link=&#8220;https:\/\/duport-aberle.ch\/de\/unsere-produkte\/hijos-de-carlos-albo\/&#8220;][vc_single_image image=&#8220;912&#8243; img_size=&#8220;200&#215;128&#8243; alignment=&#8220;center&#8220; onclick=&#8220;custom_link&#8220; css=&#8220;&#8220; image_hovers=&#8220;false&#8220; lazy_loading=&#8220;true&#8220; link=&#8220;https:\/\/duport-aberle.ch\/de\/unsere-produkte\/connetable\/&#8220;][vc_single_image image=&#8220;129&#8243; img_size=&#8220;200&#215;128&#8243; alignment=&#8220;center&#8220; onclick=&#8220;custom_link&#8220; image_hovers=&#8220;false&#8220; lazy_loading=&#8220;true&#8220; link=&#8220;https:\/\/duport-aberle.ch\/de\/unsere-produkte\/marie-elisabeth\/&#8220;][vc_single_image image=&#8220;131&#8243; img_size=&#8220;200&#215;128&#8243; alignment=&#8220;center&#8220; onclick=&#8220;custom_link&#8220; image_hovers=&#8220;false&#8220; lazy_loading=&#8220;true&#8220; link=&#8220;https:\/\/duport-aberle.ch\/de\/unsere-produkte\/petit-navire\/&#8220;][vc_single_image image=&#8220;870&#8243; img_size=&#8220;200&#215;128&#8243; alignment=&#8220;center&#8220; onclick=&#8220;custom_link&#8220; css=&#8220;&#8220; image_hovers=&#8220;false&#8220; lazy_loading=&#8220;true&#8220; link=&#8220;https:\/\/duport-aberle.ch\/de\/unsere-produkte\/ederki\/&#8220;]<\/div>[\/vc_column][\/vc_row]<\/p>\n<\/div>","protected":false},"excerpt":{"rendered":"<p>[vc_row bg_type=&#8220;image&#8220; parallax_style=&#8220;vcpb-vz-jquery&#8220; bg_image_new=&#8220;id^55|url^https:\/\/duport-aberle.ch\/wp-content\/uploads\/2020\/11\/CONTACT_DUPORT_ABERLE.jpg|caption^null|alt^contactez duport aberle|title^CONTACTEZ DUPORT ABERLE|description^null&#8220; bg_image_repeat=&#8220;no-repeat&#8220; bg_override=&#8220;full&#8220; type=&#8220;vc_default&#8220; margin_top=&#8220;-50&#8243; css=&#8220;.vc_custom_1606128783082{padding-top: 20% !important;padding-bottom: 20% !important;}&#8220;][vc_column offset=&#8220;vc_col-lg-12 vc_col-md-12&#8243; css=&#8220;.vc_custom_1593413697623{padding-top: 25px !important;padding-right: 25px !important;padding-left: 25px !important;}&#8220;][vc_empty_space height=&#8220;200px&#8220;][\/vc_column][\/vc_row][vc_row][vc_column][vc_row_inner content_placement=&#8220;middle&#8220; css=&#8220;.vc_custom_1605285843224{border-top-width: 50px !important;}&#8220;][vc_column_inner width=&#8220;1\/2&#8243;][vc_column_text] Sie sind HERSTELLER und suchen einen Partner, der Ihnen hilft, den Schweizer Markt zu erobern? Kontaktieren Sie uns und teilen Sie uns Ihre&hellip;<\/p>\n","protected":false},"author":1,"featured_media":159,"parent":0,"menu_order":0,"comment_status":"closed","ping_status":"closed","template":"","meta":{"footnotes":""},"class_list":["post-225","page","type-page","status-publish","has-post-thumbnail","hentry","description-off"],"yoast_head":"<!-- This site is optimized with the Yoast SEO plugin v27.3 - https:\/\/yoast.com\/product\/yoast-seo-wordpress\/ -->\n<title>Kontakt - DUPORT-ABERL\u00c9 SA<\/title>\n<meta name=\"description\" content=\"Sie sind HERSTELLER und suchen einen Partner, der Ihnen hilft, den Schweizer Markt zu erobern? Kontaktieren Sie uns und teilen Sie uns Ihre Ideen mit.\" \/>\n<meta name=\"robots\" content=\"index, follow, max-snippet:-1, max-image-preview:large, max-video-preview:-1\" \/>\n<link rel=\"canonical\" href=\"https:\/\/duport-aberle.ch\/de\/kontakt\/\" \/>\n<meta property=\"og:locale\" content=\"de_DE\" \/>\n<meta property=\"og:type\" content=\"article\" \/>\n<meta property=\"og:title\" content=\"Kontakt - DUPORT-ABERL\u00c9 SA\" \/>\n<meta property=\"og:description\" content=\"Sie sind HERSTELLER und suchen einen Partner, der Ihnen hilft, den Schweizer Markt zu erobern? Kontaktieren Sie uns und teilen Sie uns Ihre Ideen mit.\" \/>\n<meta property=\"og:url\" content=\"https:\/\/duport-aberle.ch\/de\/kontakt\/\" \/>\n<meta property=\"og:site_name\" content=\"DUPORT-ABERL\u00c9 SA\" \/>\n<meta property=\"article:modified_time\" content=\"2025-12-10T15:26:13+00:00\" \/>\n<meta property=\"og:image\" content=\"https:\/\/duport-aberle.ch\/wp-content\/uploads\/2020\/11\/CONTACT_DUPORT_ABERLE.jpg\" \/>\n\t<meta property=\"og:image:width\" content=\"1360\" \/>\n\t<meta property=\"og:image:height\" content=\"690\" \/>\n\t<meta property=\"og:image:type\" content=\"image\/jpeg\" \/>\n<meta name=\"twitter:card\" content=\"summary_large_image\" \/>\n<meta name=\"twitter:label1\" content=\"Gesch\u00e4tzte Lesezeit\" \/>\n\t<meta name=\"twitter:data1\" content=\"3\u00a0Minuten\" \/>\n<script type=\"application\/ld+json\" class=\"yoast-schema-graph\">{\"@context\":\"https:\\\/\\\/schema.org\",\"@graph\":[{\"@type\":\"WebPage\",\"@id\":\"https:\\\/\\\/duport-aberle.ch\\\/de\\\/kontakt\\\/\",\"url\":\"https:\\\/\\\/duport-aberle.ch\\\/de\\\/kontakt\\\/\",\"name\":\"Kontakt - DUPORT-ABERL\u00c9 SA\",\"isPartOf\":{\"@id\":\"https:\\\/\\\/duport-aberle.ch\\\/de\\\/#website\"},\"primaryImageOfPage\":{\"@id\":\"https:\\\/\\\/duport-aberle.ch\\\/de\\\/kontakt\\\/#primaryimage\"},\"image\":{\"@id\":\"https:\\\/\\\/duport-aberle.ch\\\/de\\\/kontakt\\\/#primaryimage\"},\"thumbnailUrl\":\"https:\\\/\\\/duport-aberle.ch\\\/wp-content\\\/uploads\\\/2020\\\/11\\\/CONTACT_DUPORT_ABERLE.jpg\",\"datePublished\":\"2020-11-23T10:52:23+00:00\",\"dateModified\":\"2025-12-10T15:26:13+00:00\",\"description\":\"Sie sind HERSTELLER und suchen einen Partner, der Ihnen hilft, den Schweizer Markt zu erobern? Kontaktieren Sie uns und teilen Sie uns Ihre Ideen mit.\",\"inLanguage\":\"de\",\"potentialAction\":[{\"@type\":\"ReadAction\",\"target\":[\"https:\\\/\\\/duport-aberle.ch\\\/de\\\/kontakt\\\/\"]}]},{\"@type\":\"ImageObject\",\"inLanguage\":\"de\",\"@id\":\"https:\\\/\\\/duport-aberle.ch\\\/de\\\/kontakt\\\/#primaryimage\",\"url\":\"https:\\\/\\\/duport-aberle.ch\\\/wp-content\\\/uploads\\\/2020\\\/11\\\/CONTACT_DUPORT_ABERLE.jpg\",\"contentUrl\":\"https:\\\/\\\/duport-aberle.ch\\\/wp-content\\\/uploads\\\/2020\\\/11\\\/CONTACT_DUPORT_ABERLE.jpg\",\"width\":1360,\"height\":690,\"caption\":\"Kontakt Duport Aberle\"},{\"@type\":\"WebSite\",\"@id\":\"https:\\\/\\\/duport-aberle.ch\\\/de\\\/#website\",\"url\":\"https:\\\/\\\/duport-aberle.ch\\\/de\\\/\",\"name\":\"DUPORT-ABERL\u00c9 SA\",\"description\":\"La qualit\u00e9 traditionnelle bien conserv\u00e9e depuis 1888\",\"publisher\":{\"@id\":\"https:\\\/\\\/duport-aberle.ch\\\/de\\\/#organization\"},\"potentialAction\":[{\"@type\":\"SearchAction\",\"target\":{\"@type\":\"EntryPoint\",\"urlTemplate\":\"https:\\\/\\\/duport-aberle.ch\\\/de\\\/?s={search_term_string}\"},\"query-input\":{\"@type\":\"PropertyValueSpecification\",\"valueRequired\":true,\"valueName\":\"search_term_string\"}}],\"inLanguage\":\"de\"},{\"@type\":\"Organization\",\"@id\":\"https:\\\/\\\/duport-aberle.ch\\\/de\\\/#organization\",\"name\":\"Duport Aberl\u00e9 SA\",\"url\":\"https:\\\/\\\/duport-aberle.ch\\\/de\\\/\",\"logo\":{\"@type\":\"ImageObject\",\"inLanguage\":\"de\",\"@id\":\"https:\\\/\\\/duport-aberle.ch\\\/de\\\/#\\\/schema\\\/logo\\\/image\\\/\",\"url\":\"https:\\\/\\\/duport-aberle.ch\\\/wp-content\\\/uploads\\\/2020\\\/11\\\/Logo-Duport-Aberle_R.png\",\"contentUrl\":\"https:\\\/\\\/duport-aberle.ch\\\/wp-content\\\/uploads\\\/2020\\\/11\\\/Logo-Duport-Aberle_R.png\",\"width\":380,\"height\":149,\"caption\":\"Duport Aberl\u00e9 SA\"},\"image\":{\"@id\":\"https:\\\/\\\/duport-aberle.ch\\\/de\\\/#\\\/schema\\\/logo\\\/image\\\/\"}}]}<\/script>\n<!-- \/ Yoast SEO plugin. -->","yoast_head_json":{"title":"Kontakt - DUPORT-ABERL\u00c9 SA","description":"Sie sind HERSTELLER und suchen einen Partner, der Ihnen hilft, den Schweizer Markt zu erobern? Kontaktieren Sie uns und teilen Sie uns Ihre Ideen mit.","robots":{"index":"index","follow":"follow","max-snippet":"max-snippet:-1","max-image-preview":"max-image-preview:large","max-video-preview":"max-video-preview:-1"},"canonical":"https:\/\/duport-aberle.ch\/de\/kontakt\/","og_locale":"de_DE","og_type":"article","og_title":"Kontakt - DUPORT-ABERL\u00c9 SA","og_description":"Sie sind HERSTELLER und suchen einen Partner, der Ihnen hilft, den Schweizer Markt zu erobern? Kontaktieren Sie uns und teilen Sie uns Ihre Ideen mit.","og_url":"https:\/\/duport-aberle.ch\/de\/kontakt\/","og_site_name":"DUPORT-ABERL\u00c9 SA","article_modified_time":"2025-12-10T15:26:13+00:00","og_image":[{"width":1360,"height":690,"url":"https:\/\/duport-aberle.ch\/wp-content\/uploads\/2020\/11\/CONTACT_DUPORT_ABERLE.jpg","type":"image\/jpeg"}],"twitter_card":"summary_large_image","twitter_misc":{"Gesch\u00e4tzte Lesezeit":"3\u00a0Minuten"},"schema":{"@context":"https:\/\/schema.org","@graph":[{"@type":"WebPage","@id":"https:\/\/duport-aberle.ch\/de\/kontakt\/","url":"https:\/\/duport-aberle.ch\/de\/kontakt\/","name":"Kontakt - DUPORT-ABERL\u00c9 SA","isPartOf":{"@id":"https:\/\/duport-aberle.ch\/de\/#website"},"primaryImageOfPage":{"@id":"https:\/\/duport-aberle.ch\/de\/kontakt\/#primaryimage"},"image":{"@id":"https:\/\/duport-aberle.ch\/de\/kontakt\/#primaryimage"},"thumbnailUrl":"https:\/\/duport-aberle.ch\/wp-content\/uploads\/2020\/11\/CONTACT_DUPORT_ABERLE.jpg","datePublished":"2020-11-23T10:52:23+00:00","dateModified":"2025-12-10T15:26:13+00:00","description":"Sie sind HERSTELLER und suchen einen Partner, der Ihnen hilft, den Schweizer Markt zu erobern? Kontaktieren Sie uns und teilen Sie uns Ihre Ideen mit.","inLanguage":"de","potentialAction":[{"@type":"ReadAction","target":["https:\/\/duport-aberle.ch\/de\/kontakt\/"]}]},{"@type":"ImageObject","inLanguage":"de","@id":"https:\/\/duport-aberle.ch\/de\/kontakt\/#primaryimage","url":"https:\/\/duport-aberle.ch\/wp-content\/uploads\/2020\/11\/CONTACT_DUPORT_ABERLE.jpg","contentUrl":"https:\/\/duport-aberle.ch\/wp-content\/uploads\/2020\/11\/CONTACT_DUPORT_ABERLE.jpg","width":1360,"height":690,"caption":"Kontakt Duport Aberle"},{"@type":"WebSite","@id":"https:\/\/duport-aberle.ch\/de\/#website","url":"https:\/\/duport-aberle.ch\/de\/","name":"DUPORT-ABERL\u00c9 SA","description":"La qualit\u00e9 traditionnelle bien conserv\u00e9e depuis 1888","publisher":{"@id":"https:\/\/duport-aberle.ch\/de\/#organization"},"potentialAction":[{"@type":"SearchAction","target":{"@type":"EntryPoint","urlTemplate":"https:\/\/duport-aberle.ch\/de\/?s={search_term_string}"},"query-input":{"@type":"PropertyValueSpecification","valueRequired":true,"valueName":"search_term_string"}}],"inLanguage":"de"},{"@type":"Organization","@id":"https:\/\/duport-aberle.ch\/de\/#organization","name":"Duport Aberl\u00e9 SA","url":"https:\/\/duport-aberle.ch\/de\/","logo":{"@type":"ImageObject","inLanguage":"de","@id":"https:\/\/duport-aberle.ch\/de\/#\/schema\/logo\/image\/","url":"https:\/\/duport-aberle.ch\/wp-content\/uploads\/2020\/11\/Logo-Duport-Aberle_R.png","contentUrl":"https:\/\/duport-aberle.ch\/wp-content\/uploads\/2020\/11\/Logo-Duport-Aberle_R.png","width":380,"height":149,"caption":"Duport Aberl\u00e9 SA"},"image":{"@id":"https:\/\/duport-aberle.ch\/de\/#\/schema\/logo\/image\/"}}]}},"_links":{"self":[{"href":"https:\/\/duport-aberle.ch\/de\/wp-json\/wp\/v2\/pages\/225","targetHints":{"allow":["GET"]}}],"collection":[{"href":"https:\/\/duport-aberle.ch\/de\/wp-json\/wp\/v2\/pages"}],"about":[{"href":"https:\/\/duport-aberle.ch\/de\/wp-json\/wp\/v2\/types\/page"}],"author":[{"embeddable":true,"href":"https:\/\/duport-aberle.ch\/de\/wp-json\/wp\/v2\/users\/1"}],"replies":[{"embeddable":true,"href":"https:\/\/duport-aberle.ch\/de\/wp-json\/wp\/v2\/comments?post=225"}],"version-history":[{"count":3,"href":"https:\/\/duport-aberle.ch\/de\/wp-json\/wp\/v2\/pages\/225\/revisions"}],"predecessor-version":[{"id":960,"href":"https:\/\/duport-aberle.ch\/de\/wp-json\/wp\/v2\/pages\/225\/revisions\/960"}],"wp:featuredmedia":[{"embeddable":true,"href":"https:\/\/duport-aberle.ch\/de\/wp-json\/wp\/v2\/media\/159"}],"wp:attachment":[{"href":"https:\/\/duport-aberle.ch\/de\/wp-json\/wp\/v2\/media?parent=225"}],"curies":[{"name":"wp","href":"https:\/\/api.w.org\/{rel}","templated":true}]}}